{"id":9614,"date":"2024-06-12T05:50:58","date_gmt":"2024-06-12T02:50:58","guid":{"rendered":"https:\/\/qualityandbrand.com\/modernhome\/?post_type=product&#038;p=9614"},"modified":"2024-06-12T05:50:59","modified_gmt":"2024-06-12T02:50:59","slug":"%d9%83%d9%86%d8%a8%d8%a9-%d8%b2%d8%a7%d9%88%d9%8a%d8%a9-85x90x180x300-%d8%b3%d9%85-%d8%a8%d9%8a%d8%ac","status":"publish","type":"product","link":"https:\/\/qualityandbrand.com\/modernhome\/shop\/%d8%a7%d9%84%d9%83%d9%86%d8%a8\/%d9%83%d9%86%d8%a8%d8%a9-%d8%b2%d8%a7%d9%88%d9%8a%d8%a9-85x90x180x300-%d8%b3%d9%85-%d8%a8%d9%8a%d8%ac\/","title":{"rendered":"\u0643\u0646\u0628\u0629 \u0632\u0627\u0648\u064a\u0629 85\u00d790\u00d7180\u00d7300 \u0633\u0645- \u0628\u064a\u062c"},"content":{"rendered":"<p>\u0627\u0644\u0644\u0648\u0646: \u0628\u064a\u062c<\/p>\n<p>\u062e\u0627\u0645\u0629 \u0627\u0644\u0642\u0645\u0627\u0634: \u0634\u0627\u0646\u064a\u0644<\/p>\n<p>\u0646\u0648\u0639 \u0627\u0644\u062e\u0634\u0628: \u062e\u0634\u0628 \u0645\u0627\u0644\u064a\u0632\u064a<\/p>\n<p>\u0646\u0648\u0639 \u0627\u0644\u062a\u0646\u062c\u064a\u062f: \u0623\u0633\u0641\u0646\u062c<\/p>\n<p>\u0643\u062b\u0627\u0641\u0629 \u062e\u0627\u0645\u0629 \u0627\u0644\u062a\u0646\u062c\u064a\u062f: \u0644\u064a\u0646<\/p>\n<p>\u0627\u0644\u0625\u0631\u062a\u0641\u0627\u0639 (\u0633\u0645): 85<\/p>\n<p>\u0627\u0644\u0639\u0631\u0636 (\u0633\u0645): 180<\/p>\n<p>\u0627\u0644\u0637\u0648\u0644 (\u0633\u0645): 300<\/p>\n<p>\u0627\u0644\u0639\u0645\u0642 (\u0633\u0645): 90<\/p>\n<p><\/p>\n<p>\u0628\u0644\u062f \u0627\u0644\u0645\u0646\u0634\u0623: \u0627\u0644\u0645\u0645\u0644\u0643\u0629 \u0627\u0644\u0639\u0631\u0628\u064a\u0629 \u0627\u0644\u0633\u0639\u0648\u062f\u064a\u0629<\/p>\n","protected":false},"excerpt":{"rendered":"<p>\u0627\u0644\u0644\u0648\u0646: \u0628\u064a\u062c \u062e\u0627\u0645\u0629 \u0627\u0644\u0642\u0645\u0627\u0634: \u0634\u0627\u0646\u064a\u0644 \u0646\u0648\u0639 \u0627\u0644\u062e\u0634\u0628: \u062e\u0634\u0628 \u0645\u0627\u0644\u064a\u0632\u064a \u0646\u0648\u0639 \u0627\u0644\u062a\u0646\u062c\u064a\u062f: \u0623\u0633\u0641\u0646\u062c \u0643\u062b\u0627\u0641\u0629 \u062e\u0627\u0645\u0629 \u0627\u0644\u062a\u0646\u062c\u064a\u062f: \u0644\u064a\u0646 \u0627\u0644\u0625\u0631\u062a\u0641\u0627\u0639 (\u0633\u0645): 85 \u0627\u0644\u0639\u0631\u0636 (\u0633\u0645): 180 \u0627\u0644\u0637\u0648\u0644 (\u0633\u0645): 300 \u0627\u0644\u0639\u0645\u0642 (\u0633\u0645): 90 \u0628\u0644\u062f \u0627\u0644\u0645\u0646\u0634\u0623: \u0627\u0644\u0645\u0645\u0644\u0643\u0629 \u0627\u0644\u0639\u0631\u0628\u064a\u0629 \u0627\u0644\u0633\u0639\u0648\u062f\u064a\u0629<\/p>\n","protected":false},"featured_media":9615,"comment_status":"open","ping_status":"closed","template":"","meta":{"_kadence_starter_templates_imported_post":false,"_kad_post_transparent":"","_kad_post_title":"","_kad_post_layout":"","_kad_post_sidebar_id":"","_kad_post_content_style":"","_kad_post_vertical_padding":"","_kad_post_feature":"","_kad_post_feature_position":"","_kad_post_header":false,"_kad_post_footer":false,"_kad_post_classname":""},"pwb-brand":[76],"product_brand":[],"product_cat":[86],"product_tag":[],"class_list":{"0":"post-9614","1":"product","2":"type-product","3":"status-publish","4":"has-post-thumbnail","6":"pwb-brand-sahaba-brand","7":"product_cat-86","9":"first","10":"instock","11":"taxable","12":"shipping-taxable","13":"purchasable","14":"product-type-simple","15":"entry","16":"content-bg","17":"loop-entry"},"jetpack_sharing_enabled":true,"brands":[{"id":76,"name":"SAHABA BRAND","slug":"sahaba-brand"}],"_links":{"self":[{"href":"https:\/\/qualityandbrand.com\/modernhome\/wp-json\/wp\/v2\/product\/9614","targetHints":{"allow":["GET"]}}],"collection":[{"href":"https:\/\/qualityandbrand.com\/modernhome\/wp-json\/wp\/v2\/product"}],"about":[{"href":"https:\/\/qualityandbrand.com\/modernhome\/wp-json\/wp\/v2\/types\/product"}],"replies":[{"embeddable":true,"href":"https:\/\/qualityandbrand.com\/modernhome\/wp-json\/wp\/v2\/comments?post=9614"}],"wp:featuredmedia":[{"embeddable":true,"href":"https:\/\/qualityandbrand.com\/modernhome\/wp-json\/wp\/v2\/media\/9615"}],"wp:attachment":[{"href":"https:\/\/qualityandbrand.com\/modernhome\/wp-json\/wp\/v2\/media?parent=9614"}],"wp:term":[{"taxonomy":"pwb-brand","embeddable":true,"href":"https:\/\/qualityandbrand.com\/modernhome\/wp-json\/wp\/v2\/pwb-brand?post=9614"},{"taxonomy":"product_brand","embeddable":true,"href":"https:\/\/qualityandbrand.com\/modernhome\/wp-json\/wp\/v2\/product_brand?post=9614"},{"taxonomy":"product_cat","embeddable":true,"href":"https:\/\/qualityandbrand.com\/modernhome\/wp-json\/wp\/v2\/product_cat?post=9614"},{"taxonomy":"product_tag","embeddable":true,"href":"https:\/\/qualityandbrand.com\/modernhome\/wp-json\/wp\/v2\/product_tag?post=9614"}],"curies":[{"name":"wp","href":"https:\/\/api.w.org\/{rel}","templated":true}]}}